{"id":2061,"date":"2017-12-25T14:01:19","date_gmt":"2017-12-25T13:01:19","guid":{"rendered":"http:\/\/wp.webneuch.swiss\/telefonie\/"},"modified":"2018-04-02T19:45:54","modified_gmt":"2018-04-02T17:45:54","slug":"telefonie","status":"publish","type":"page","link":"https:\/\/webneuch.swiss\/de\/telefonie\/","title":{"rendered":"Telefonie"},"content":{"rendered":"<p>[et_pb_section bb_built=&#8220;1&#8243; _builder_version=&#8220;3.0.106&#8243; background_color=&#8220;#000000&#8243; background_image=&#8220;https:\/\/wp.webneuch.swiss\/wp-content\/uploads\/2017\/10\/Servers_at_LAAS_FDLS_2007_0389.jpg&#8220; parallax=&#8220;on&#8220;][et_pb_row _builder_version=&#8220;3.0.85&#8243;][et_pb_column type=&#8220;3_4&#8243;][et_pb_tabs _builder_version=&#8220;3.0.85&#8243; tab_text_shadow_style=&#8220;preset1&#8243; use_border_color=&#8220;on&#8220; border_color=&#8220;#000e4c&#8220; box_shadow_style=&#8220;preset1&#8243; body_text_shadow_vertical_length=&#8220;0.1em&#8220; body_text_shadow_blur_strength=&#8220;0.1em&#8220; border_color_all=&#8220;#000e4c&#8220; border_width_all=&#8220;1px&#8220; border_style_all=&#8220;solid&#8220;][et_pb_tab _builder_version=&#8220;3.0.85&#8243; title=&#8220;inOne&#8220; use_background_color_gradient=&#8220;off&#8220; background_color_gradient_start=&#8220;#2b87da&#8220; background_color_gradient_end=&#8220;#29c4a9&#8243; background_color_gradient_type=&#8220;linear&#8220; background_color_gradient_direction=&#8220;180deg&#8220; background_color_gradient_direction_radial=&#8220;center&#8220; background_color_gradient_start_position=&#8220;0%&#8220; background_color_gradient_end_position=&#8220;100%&#8220; parallax=&#8220;off&#8220; parallax_method=&#8220;on&#8220; background_size=&#8220;cover&#8220; background_position=&#8220;center&#8220; background_repeat=&#8220;no-repeat&#8220; background_blend=&#8220;normal&#8220; allow_player_pause=&#8220;off&#8220; tab_font=&#8220;||||||||&#8220; tab_text_shadow_style=&#8220;preset1&#8243; tab_text_shadow_color=&#8220;rgba(0,0,0,0.4)&#8220; body_font=&#8220;||||||||&#8220; body_text_shadow_style=&#8220;none&#8220; body_text_shadow_color=&#8220;rgba(0,0,0,0.4)&#8220;]<\/p>\n<p>Le produit inOne existe pour le client priv\u00e9 ainsi que pour le client PME. Il entre dans le tout IP, en effet, le t\u00e9l\u00e9phone, la TV et Internet passe sur votre prise t\u00e9l\u00e9phonique. La t\u00e9l\u00e9phonie ainsi que la TV passe en IP sur Internet via la bande de service. Votre d\u00e9bit annonc\u00e9 est garanti. Vos anciens t\u00e9l\u00e9phones analogiques sont, pour la majorit\u00e9, compatible avec le router Internet. En revanche, seul le inOne PME propose un router compatible ISDN.<\/p>\n<p>&nbsp;<\/p>\n<ul>\n<li><a href=\"https:\/\/wp.webneuch.swiss\/files\/swisscom\/inone-de.pdf\" target=\"_blank\" rel=\"noopener\">inOne (clients priv\u00e9s)<\/a><\/li>\n<li><a href=\"https:\/\/wp.webneuch.swiss\/files\/swisscom\/inone-pme-office-de.pdf\" target=\"_blank\" rel=\"noopener\">inOne PME (clients PME)<\/a><\/li>\n<li><a href=\"https:\/\/wp.webneuch.swiss\/files\/swisscom\/inone-pme-mobile-de.pdf\" target=\"_blank\" rel=\"noopener\">inOne mobile PME (clients PME)<\/a><\/li>\n<\/ul>\n<p>[\/et_pb_tab][et_pb_tab _builder_version=&#8220;3.0.85&#8243; title=&#8220;Virtuelle Zentrale&#8220; use_background_color_gradient=&#8220;off&#8220; background_color_gradient_start=&#8220;#2b87da&#8220; background_color_gradient_end=&#8220;#29c4a9&#8243; background_color_gradient_type=&#8220;linear&#8220; background_color_gradient_direction=&#8220;180deg&#8220; background_color_gradient_direction_radial=&#8220;center&#8220; background_color_gradient_start_position=&#8220;0%&#8220; background_color_gradient_end_position=&#8220;100%&#8220; parallax=&#8220;off&#8220; parallax_method=&#8220;on&#8220; background_size=&#8220;cover&#8220; background_position=&#8220;center&#8220; background_repeat=&#8220;no-repeat&#8220; background_blend=&#8220;normal&#8220; allow_player_pause=&#8220;off&#8220; tab_font=&#8220;||||||||&#8220; tab_text_shadow_style=&#8220;none&#8220; tab_text_shadow_color=&#8220;rgba(0,0,0,0.4)&#8220; body_font=&#8220;||||||||&#8220; body_text_shadow_style=&#8220;none&#8220; body_text_shadow_color=&#8220;rgba(0,0,0,0.4)&#8220;]<\/p>\n<h5>Die komplette ma\u00dfgeschneiderte L\u00f6sung f\u00fcr KMU mit virtuellem Telefonaustausch.<\/h5>\n<p>Mit Smart Business Connect profitieren Sie von einer Komplettl\u00f6sung, die an Ihre Kommunikations- und Netzwerkerwartungen angepasst ist.<\/p>\n<p>Diese L\u00f6sung besteht haupts\u00e4chlich aus fortgeschrittener IP-Telefonie und unterbrechungsfreiem Hochleistungs-Internet-Zugang. Sie k\u00f6nnen es flexibel mit vielen anderen Dienstleistungen erg\u00e4nzen, um die Anforderungen Ihres KMU zu erf\u00fcllen.<\/p>\n<p>&nbsp;<\/p>\n<ul>\n<li><a href=\"https:\/\/wp.webneuch.swiss\/files\/swisscom\/sbcon-hosted-de.pdf\" target=\"_blank\" rel=\"noopener\">Intelligente Gesch\u00e4fts-Verbindungs-Flyer<\/a><\/li>\n<li><a href=\"https:\/\/wp.webneuch.swiss\/files\/swisscom\/sbcon-hosted-detail-de.pdf\" target=\"_blank\" rel=\"noopener\">SBCon Preise und Funktionen<\/a><\/li>\n<li><a href=\"https:\/\/wp.webneuch.swiss\/files\/swisscom\/sbcon-yealink-de.pdf\" target=\"_blank\" rel=\"noopener\">Yealink IP-Telefone<\/a><\/li>\n<\/ul>\n<p>[\/et_pb_tab][et_pb_tab _builder_version=&#8220;3.0.85&#8243; title=&#8220;Zentral vor Ort&#8220; use_background_color_gradient=&#8220;off&#8220; background_color_gradient_start=&#8220;#2b87da&#8220; background_color_gradient_end=&#8220;#29c4a9&#8243; background_color_gradient_type=&#8220;linear&#8220; background_color_gradient_direction=&#8220;180deg&#8220; background_color_gradient_direction_radial=&#8220;center&#8220; background_color_gradient_start_position=&#8220;0%&#8220; background_color_gradient_end_position=&#8220;100%&#8220; parallax=&#8220;off&#8220; parallax_method=&#8220;on&#8220; background_size=&#8220;cover&#8220; background_position=&#8220;center&#8220; background_repeat=&#8220;no-repeat&#8220; background_blend=&#8220;normal&#8220; allow_player_pause=&#8220;off&#8220; tab_font=&#8220;||||||||&#8220; tab_text_shadow_style=&#8220;none&#8220; tab_text_shadow_color=&#8220;rgba(0,0,0,0.4)&#8220; body_font=&#8220;||||||||&#8220; body_text_shadow_style=&#8220;none&#8220; body_text_shadow_color=&#8220;rgba(0,0,0,0.4)&#8220;]<\/p>\n<h5>Die komplette ma\u00dfgeschneiderte L\u00f6sung f\u00fcr KMU mit Telefonvermittlung vor Ort.<\/h5>\n<p>Mit Smart Business Connect profitieren Sie von einer Komplettl\u00f6sung, die an Ihre Kommunikations- und Netzwerkerwartungen angepasst ist.<\/p>\n<p>Diese L\u00f6sung besteht haupts\u00e4chlich aus fortgeschrittener IP-Telefonie und unterbrechungsfreiem Hochleistungs-Internet-Zugang. Sie k\u00f6nnen es flexibel mit vielen anderen Dienstleistungen erg\u00e4nzen, um die Anforderungen Ihres KMU zu erf\u00fcllen.<\/p>\n<p>&nbsp;<\/p>\n<ul>\n<li><a href=\"https:\/\/wp.webneuch.swiss\/files\/swisscom\/sbcon-trunk-fr.pdf\" target=\"_blank\" rel=\"noopener\">Intelligente Gesch\u00e4fts-Verbindungs-Flyer<\/a><\/li>\n<li><a href=\"https:\/\/wp.webneuch.swiss\/files\/swisscom\/sbcon-trunk-detail-fr.pdf\" target=\"_blank\" rel=\"noopener\">SBCon Preise und Funktionen<\/a><\/li>\n<li><a href=\"https:\/\/wp.webneuch.swiss\/files\/swisscom\/sbcon-yealink-fr.pdf\" target=\"_blank\" rel=\"noopener\">Yealink IP-Telefone<\/a><\/li>\n<\/ul>\n<p>[\/et_pb_tab][\/et_pb_tabs][\/et_pb_column][et_pb_column type=&#8220;1_4&#8243;][et_pb_text admin_label=&#8220;Logo Swisscom Partner&#8220; _builder_version=&#8220;3.0.85&#8243; background_layout=&#8220;light&#8220;]<\/p>\n<p><img loading=\"lazy\" decoding=\"async\" class=\"aligncenter size-full wp-image-1837\" src=\"https:\/\/wp.webneuch.swiss\/wp-content\/uploads\/2017\/10\/Swisscom_Business_Silver-Partner_cmyk.png\" alt=\"Swisscom Business Silver Partner\" width=\"154\" height=\"74\" \/><\/p>\n<p>[\/et_pb_text][\/et_pb_column][\/et_pb_row][\/et_pb_section]<\/p>\n","protected":false},"excerpt":{"rendered":"<p>Le produit inOne existe pour le client priv\u00e9 ainsi que pour le client PME. Il entre dans le tout IP, en effet, le t\u00e9l\u00e9phone, la TV et Internet passe sur votre prise t\u00e9l\u00e9phonique. La t\u00e9l\u00e9phonie ainsi que la TV passe en IP sur Internet via la bande de service. Votre d\u00e9bit annonc\u00e9 est garanti. Vos [&hellip;]<\/p>\n","protected":false},"author":2,"featured_media":0,"parent":0,"menu_order":0,"comment_status":"closed","ping_status":"closed","template":"","meta":{"_et_pb_use_builder":"on","_et_pb_old_content":"","_et_gb_content_width":"","footnotes":""},"class_list":["post-2061","page","type-page","status-publish","hentry"],"_links":{"self":[{"href":"https:\/\/webneuch.swiss\/de\/wp-json\/wp\/v2\/pages\/2061","targetHints":{"allow":["GET"]}}],"collection":[{"href":"https:\/\/webneuch.swiss\/de\/wp-json\/wp\/v2\/pages"}],"about":[{"href":"https:\/\/webneuch.swiss\/de\/wp-json\/wp\/v2\/types\/page"}],"author":[{"embeddable":true,"href":"https:\/\/webneuch.swiss\/de\/wp-json\/wp\/v2\/users\/2"}],"replies":[{"embeddable":true,"href":"https:\/\/webneuch.swiss\/de\/wp-json\/wp\/v2\/comments?post=2061"}],"version-history":[{"count":7,"href":"https:\/\/webneuch.swiss\/de\/wp-json\/wp\/v2\/pages\/2061\/revisions"}],"predecessor-version":[{"id":2112,"href":"https:\/\/webneuch.swiss\/de\/wp-json\/wp\/v2\/pages\/2061\/revisions\/2112"}],"wp:attachment":[{"href":"https:\/\/webneuch.swiss\/de\/wp-json\/wp\/v2\/media?parent=2061"}],"curies":[{"name":"wp","href":"https:\/\/api.w.org\/{rel}","templated":true}]}}