{"id":2027,"date":"2017-12-25T13:43:34","date_gmt":"2017-12-25T12:43:34","guid":{"rendered":"http:\/\/wp.webneuch.swiss\/kontakt\/"},"modified":"2017-12-25T13:43:35","modified_gmt":"2017-12-25T12:43:35","slug":"kontakt","status":"publish","type":"page","link":"https:\/\/webneuch.swiss\/de\/kontakt\/","title":{"rendered":"Kontakt"},"content":{"rendered":"<p>[et_pb_section bb_built=&#8220;1&#8243; transparent_background=&#8220;off&#8220; allow_player_pause=&#8220;off&#8220; inner_shadow=&#8220;off&#8220; parallax=&#8220;off&#8220; parallax_method=&#8220;on&#8220; make_fullwidth=&#8220;off&#8220; use_custom_width=&#8220;off&#8220; width_unit=&#8220;off&#8220; custom_width_px=&#8220;1080px&#8220; custom_width_percent=&#8220;80%&#8220; make_equal=&#8220;off&#8220; use_custom_gutter=&#8220;off&#8220; fullwidth=&#8220;on&#8220; specialty=&#8220;off&#8220;][et_pb_fullwidth_map address=&#8220;Les Tilleuls 11, 2037 Montmollin, Suisse&#8220; address_lat=&#8220;46.9917645&#8243; address_lng=&#8220;6.846521700000039&#8243; mouse_wheel=&#8220;off&#8220; mobile_dragging=&#8220;off&#8220; _map_version=&#8220;4&#8243; _builder_version=&#8220;3.0.85&#8243; use_grayscale_filter=&#8220;off&#8220; zoom_level=&#8220;13&#8243;] [et_pb_map_pin _builder_version=&#8220;3.0.85&#8243; title=&#8220;WebNeuch&#8220; pin_address=&#8220;Les Tilleuls 11, 2037 Montmollin, Suisse&#8220; pin_address_lat=&#8220;46.9917645&#8243; pin_address_lng=&#8220;6.846521700000039&#8243; \/] [\/et_pb_fullwidth_map][\/et_pb_section][et_pb_section bb_built=&#8220;1&#8243; admin_label=&#8220;section&#8220; transparent_background=&#8220;off&#8220; parallax=&#8220;on&#8220; width_unit=&#8220;off&#8220; fullwidth=&#8220;off&#8220; specialty=&#8220;off&#8220; disabled=&#8220;off&#8220; _builder_version=&#8220;3.0.85&#8243; background_image=&#8220;https:\/\/wp.webneuch.swiss\/wp-content\/uploads\/2017\/01\/tax-consultant-1050826.jpg&#8220; use_background_color_gradient=&#8220;on&#8220; background_color_gradient_start=&#8220;#86751b&#8220; background_color_gradient_end=&#8220;#592510&#8243; background_color_gradient_direction=&#8220;110deg&#8220;][et_pb_row make_fullwidth=&#8220;off&#8220; use_custom_width=&#8220;off&#8220; width_unit=&#8220;off&#8220; custom_width_px=&#8220;1080px&#8220; custom_width_percent=&#8220;80%&#8220; use_custom_gutter=&#8220;off&#8220; gutter_width=&#8220;3&#8243; allow_player_pause=&#8220;off&#8220; parallax=&#8220;off&#8220; parallax_method=&#8220;on&#8220; make_equal=&#8220;off&#8220; parallax_1=&#8220;off&#8220; parallax_method_1=&#8220;on&#8220; parallax_2=&#8220;off&#8220; parallax_method_2=&#8220;on&#8220; parallax_3=&#8220;off&#8220; parallax_method_3=&#8220;on&#8220; parallax_4=&#8220;off&#8220; parallax_method_4=&#8220;on&#8220; background_position=&#8220;top_left&#8220; background_repeat=&#8220;repeat&#8220; background_size=&#8220;initial&#8220;][et_pb_column type=&#8220;1_2&#8243;][et_pb_text admin_label=&#8220;Contact en d\u00e9tail&#8220; background_layout=&#8220;dark&#8220; text_orientation=&#8220;justified&#8220; module_alignment=&#8220;left&#8220; background_position=&#8220;top_left&#8220; background_repeat=&#8220;repeat&#8220; background_size=&#8220;initial&#8220; _builder_version=&#8220;3.0.85&#8243; text_text_shadow_style=&#8220;preset1&#8243; header_text_align=&#8220;justify&#8220; header_text_shadow_style=&#8220;preset1&#8243; background_color_gradient_type=&#8220;radial&#8220; custom_padding=&#8220;10px|20px|10px|20px&#8220; background_color=&#8220;rgba(175,161,0,0.79)&#8220; use_border_color=&#8220;on&#8220; border_color=&#8220;#000000&#8243; box_shadow_style=&#8220;preset1&#8243;]<\/p>\n<h1>KONTAKT<\/h1>\n<p>Wir stehen Ihnen an Werktagen w\u00e4hrend der B\u00fcrozeiten telefonisch zur Verf\u00fcgung. Im Falle einer Antwort oder au\u00dferhalb der B\u00fcrozeiten k\u00f6nnen Sie jedoch mit einem Anrufbeantworter eine Nachricht hinterlassen. Im Notfall rufen wir Sie auch an Wochenenden an.<\/p>\n<blockquote><p>Telefon : <a href=\"callto:+41329313112\">+41 (0)32 931 31 12<\/a><br \/>\nMail : Siehe Formular auf der rechten Seite<\/p><\/blockquote>\n<blockquote><p>WebNeuch, M\u00fcller Alain<br \/>\nles Tilleuls 11<br \/>\n2037 Montmollin<br \/>\nSchweiz<\/p><\/blockquote>\n<p>[\/et_pb_text][\/et_pb_column][et_pb_column type=&#8220;1_2&#8243;][et_pb_text admin_label=&#8220;Formulaire contact&#8220; _builder_version=&#8220;3.0.85&#8243; background_layout=&#8220;dark&#8220; text_text_shadow_style=&#8220;preset1&#8243; header_text_shadow_style=&#8220;preset1&#8243;] <p class=\"wpcf7-contact-form-not-found\"><strong>Fehler:<\/strong> Kontaktformular wurde nicht gefunden.<\/p> [\/et_pb_text][\/et_pb_column][\/et_pb_row][\/et_pb_section]<\/p>\n","protected":false},"excerpt":{"rendered":"<p>KONTAKT Wir stehen Ihnen an Werktagen w\u00e4hrend der B\u00fcrozeiten telefonisch zur Verf\u00fcgung. Im Falle einer Antwort oder au\u00dferhalb der B\u00fcrozeiten k\u00f6nnen Sie jedoch mit einem Anrufbeantworter eine Nachricht hinterlassen. Im Notfall rufen wir Sie auch an Wochenenden an. Telefon : +41 (0)32 931 31 12 Mail : Siehe Formular auf der rechten Seite WebNeuch, M\u00fcller [&hellip;]<\/p>\n","protected":false},"author":2,"featured_media":0,"parent":0,"menu_order":0,"comment_status":"closed","ping_status":"closed","template":"","meta":{"_et_pb_use_builder":"on","_et_pb_old_content":"","_et_gb_content_width":"","footnotes":""},"class_list":["post-2027","page","type-page","status-publish","hentry"],"_links":{"self":[{"href":"https:\/\/webneuch.swiss\/de\/wp-json\/wp\/v2\/pages\/2027","targetHints":{"allow":["GET"]}}],"collection":[{"href":"https:\/\/webneuch.swiss\/de\/wp-json\/wp\/v2\/pages"}],"about":[{"href":"https:\/\/webneuch.swiss\/de\/wp-json\/wp\/v2\/types\/page"}],"author":[{"embeddable":true,"href":"https:\/\/webneuch.swiss\/de\/wp-json\/wp\/v2\/users\/2"}],"replies":[{"embeddable":true,"href":"https:\/\/webneuch.swiss\/de\/wp-json\/wp\/v2\/comments?post=2027"}],"version-history":[{"count":2,"href":"https:\/\/webneuch.swiss\/de\/wp-json\/wp\/v2\/pages\/2027\/revisions"}],"predecessor-version":[{"id":2029,"href":"https:\/\/webneuch.swiss\/de\/wp-json\/wp\/v2\/pages\/2027\/revisions\/2029"}],"wp:attachment":[{"href":"https:\/\/webneuch.swiss\/de\/wp-json\/wp\/v2\/media?parent=2027"}],"curies":[{"name":"wp","href":"https:\/\/api.w.org\/{rel}","templated":true}]}}