{"id":1971,"date":"2017-12-12T22:02:22","date_gmt":"2017-12-12T21:02:22","guid":{"rendered":"http:\/\/wp.webneuch.swiss\/home\/"},"modified":"2018-04-22T09:25:10","modified_gmt":"2018-04-22T07:25:10","slug":"home","status":"publish","type":"page","link":"https:\/\/webneuch.swiss\/de\/","title":{"rendered":"Home"},"content":{"rendered":"<p>[et_pb_section bb_built=&#8220;1&#8243; fullwidth=&#8220;off&#8220; specialty=&#8220;off&#8220; _builder_version=&#8220;3.0.106&#8243; use_background_color_gradient=&#8220;on&#8220; background_color_gradient_end=&#8220;#00215b&#8220; background_color_gradient_direction=&#8220;94deg&#8220; background_color_gradient_end_position=&#8220;80%&#8220; background_image=&#8220;https:\/\/wp.webneuch.swiss\/wp-content\/uploads\/2014\/10\/ferme-server.jpg&#8220; parallax=&#8220;on&#8220; next_background_color=&#8220;#7c7c7c&#8220;][et_pb_row _builder_version=&#8220;3.0.106&#8243; animation_style=&#8220;flip&#8220; background_color=&#8220;rgba(202,237,249,0.87)&#8220; background_color_gradient_end=&#8220;#051254&#8243; background_color_gradient_type=&#8220;radial&#8220; background_color_gradient_direction=&#8220;109deg&#8220; custom_margin=&#8220;100px||100px|&#8220; box_shadow_style=&#8220;preset1&#8243; custom_padding=&#8220;20px|20px|20px|20px&#8220;][et_pb_column type=&#8220;3_4&#8243;][et_pb_text admin_label=&#8220;H\u00e9bergement internet&#8220; _builder_version=&#8220;3.0.85&#8243; background_layout=&#8220;light&#8220; header_text_align=&#8220;center&#8220; text_orientation=&#8220;justified&#8220; module_alignment=&#8220;justified&#8220;]<\/p>\n<h2>INTERNET UNTERKUNFT<\/h2>\n<p>Unsere Partnerschaft mit Infomaniak erm\u00f6glicht es, zu den besten auf dem Markt zum besten Preis zu geh\u00f6ren. Domain-Namen sind auch diejenigen der billigsten. Eine Unterkunft ist sehr schnell nach einem kurzen Telefonkontakt ge\u00f6ffnet, um die Bed\u00fcrfnisse des Kunden bestm\u00f6glich zu erf\u00fcllen.<\/p>\n<p>[\/et_pb_text][\/et_pb_column][et_pb_column type=&#8220;1_4&#8243;][et_pb_text admin_label=&#8220;Logo Infomaniak&#8220; _builder_version=&#8220;3.0.85&#8243; background_layout=&#8220;light&#8220;]<\/p>\n<p><img loading=\"lazy\" decoding=\"async\" class=\"aligncenter wp-image-1851\" src=\"https:\/\/wp.webneuch.swiss\/wp-content\/uploads\/2014\/10\/logo_infomaniak_bleu.png\" alt=\"\" width=\"160\" height=\"21\" srcset=\"https:\/\/webneuch.swiss\/wp-content\/uploads\/2014\/10\/logo_infomaniak_bleu.png 350w, https:\/\/webneuch.swiss\/wp-content\/uploads\/2014\/10\/logo_infomaniak_bleu-300x39.png 300w\" sizes=\"(max-width: 160px) 100vw, 160px\" \/><\/p>\n<p>[\/et_pb_text][et_pb_button _builder_version=&#8220;3.0.85&#8243; button_text=&#8220;Details&#8220; button_url=&#8220;http:\/\/wp.webneuch.swiss\/de\/hosting\/&#8220; url_new_window=&#8220;off&#8220; button_alignment=&#8220;center&#8220; background_layout=&#8220;light&#8220; custom_button=&#8220;off&#8220; button_icon_placement=&#8220;right&#8220; animation_style=&#8220;bounce&#8220; \/][\/et_pb_column][\/et_pb_row][\/et_pb_section][et_pb_section bb_built=&#8220;1&#8243; fullwidth=&#8220;off&#8220; specialty=&#8220;off&#8220; _builder_version=&#8220;3.0.106&#8243; background_color=&#8220;#7c7c7c&#8220; background_image=&#8220;https:\/\/wp.webneuch.swiss\/wp-content\/uploads\/2014\/10\/central-old-crop.jpg&#8220; parallax=&#8220;on&#8220; prev_background_color=&#8220;#ffffff&#8220; next_background_color=&#8220;#ffffff&#8220;][et_pb_row _builder_version=&#8220;3.0.85&#8243; animation_style=&#8220;flip&#8220; background_color=&#8220;rgba(255,255,255,0.85)&#8220; custom_margin=&#8220;100px||100px|&#8220; box_shadow_style=&#8220;preset1&#8243; custom_padding=&#8220;20px|20px|20px|20px&#8220;][et_pb_column type=&#8220;3_4&#8243;][et_pb_text admin_label=&#8220;T\u00e9l\u00e9phonie&#8220; _builder_version=&#8220;3.0.85&#8243; background_layout=&#8220;light&#8220; header_text_align=&#8220;center&#8220; text_orientation=&#8220;justified&#8220; module_alignment=&#8220;justified&#8220;]<\/p>\n<h2>TELEFONIE UND INTERNET<\/h2>\n<p>Swisscom-Partner seit 2017, wir haben einen Bogen zum Bogen gemacht. Wir sind in der Lage, Sie optimal zu Swisscom Produkten f\u00fcr Privatpersonen oder KMU zu beraten. Wir bieten die besten Preise f\u00fcr die Belegschaft. Fordern Sie ein Angebot an, es ist unverbindlich.<\/p>\n<p>[\/et_pb_text][\/et_pb_column][et_pb_column type=&#8220;1_4&#8243;][et_pb_text admin_label=&#8220;Logo Swisscom&#8220; _builder_version=&#8220;3.0.85&#8243; background_layout=&#8220;light&#8220;]<\/p>\n<p><img loading=\"lazy\" decoding=\"async\" class=\"aligncenter size-full wp-image-1837\" src=\"https:\/\/wp.webneuch.swiss\/wp-content\/uploads\/2017\/10\/Swisscom_Business_Silver-Partner_cmyk.png\" alt=\"Swisscom Business Silver Partner\" width=\"154\" height=\"74\" \/><\/p>\n<p>[\/et_pb_text][et_pb_button _builder_version=&#8220;3.0.85&#8243; button_text=&#8220;Details&#8220; button_url=&#8220;http:\/\/wp.webneuch.swiss\/de\/telefonie\/&#8220; url_new_window=&#8220;off&#8220; button_alignment=&#8220;center&#8220; background_layout=&#8220;light&#8220; custom_button=&#8220;off&#8220; button_icon_placement=&#8220;right&#8220; animation_style=&#8220;bounce&#8220; \/][\/et_pb_column][\/et_pb_row][\/et_pb_section][et_pb_section bb_built=&#8220;1&#8243; _builder_version=&#8220;3.0.106&#8243; background_image=&#8220;https:\/\/wp.webneuch.swiss\/wp-content\/uploads\/2014\/10\/cables.png&#8220; background_video_width=&#8220;1920&#8243; background_video_height=&#8220;1080&#8243; parallax=&#8220;on&#8220; next_background_color=&#8220;#f9202b&#8220; prev_background_color=&#8220;#7c7c7c&#8220;][et_pb_row _builder_version=&#8220;3.0.106&#8243; background_size=&#8220;initial&#8220; background_position=&#8220;top_left&#8220; background_repeat=&#8220;repeat&#8220; background_color=&#8220;rgba(238,239,160,0.87)&#8220; box_shadow_style=&#8220;preset1&#8243; module_alignment=&#8220;center&#8220; animation_style=&#8220;zoom&#8220; custom_margin=&#8220;80px||80px|&#8220;][et_pb_column type=&#8220;4_4&#8243;][et_pb_text admin_label=&#8220;Texte de bienvenue&#8220; _builder_version=&#8220;3.1.1&#8243; text_text_shadow_style=&#8220;preset1&#8243; header_font=&#8220;|700|||||||&#8220; header_text_shadow_style=&#8220;preset1&#8243;]<\/p>\n<p style=\"text-align: center;\">WebNeuch ist ein kleines privates Unternehmen, das seit 2001 im Hosting von Webseiten t\u00e4tig ist. Andererseits sind wir in Partnerschaft mit Swisscom auch im Verkauf und der Installation von Telefonen und Computernetzwerken t\u00e4tig.<\/p>\n<p>&nbsp;<\/p>\n<p>[\/et_pb_text][\/et_pb_column][\/et_pb_row][\/et_pb_section][et_pb_section bb_built=&#8220;1&#8243; admin_label=&#8220;section&#8220; background_color=&#8220;#f9202b&#8220; _builder_version=&#8220;3.0.106&#8243; custom_padding=&#8220;0px|0px|54px|0px&#8220; background_image=&#8220;https:\/\/wp.webneuch.swiss\/wp-content\/uploads\/2014\/10\/hotline.jpg&#8220; parallax=&#8220;on&#8220; prev_background_color=&#8220;#ffffff&#8220;][et_pb_row][et_pb_column type=&#8220;4_4&#8243;][et_pb_text admin_label=&#8220;Titre&#8220; background_layout=&#8220;dark&#8220; _builder_version=&#8220;3.0.85&#8243; header_line_height=&#8220;2em&#8220; background_size=&#8220;initial&#8220; background_position=&#8220;top_left&#8220; background_repeat=&#8220;repeat&#8220; text_orientation=&#8220;center&#8220; module_alignment=&#8220;center&#8220; custom_margin=&#8220;|||&#8220; custom_padding=&#8220;|||&#8220; text_text_shadow_style=&#8220;preset1&#8243; header_text_shadow_style=&#8220;preset1&#8243;]<\/p>\n<h1>KONTAKT<\/h1>\n<p>[\/et_pb_text][\/et_pb_column][\/et_pb_row][et_pb_row admin_label=&#8220;row&#8220; custom_padding=&#8220;|||&#8220; _builder_version=&#8220;3.0.47&#8243; background_size=&#8220;initial&#8220; background_position=&#8220;top_left&#8220; background_repeat=&#8220;repeat&#8220;][et_pb_column type=&#8220;1_2&#8243;][et_pb_text admin_label=&#8220;Heures et r\u00e9ponses t\u00e9l\u00e9phoniques&#8220; background_layout=&#8220;dark&#8220; _builder_version=&#8220;3.0.85&#8243; header_line_height=&#8220;2em&#8220; background_size=&#8220;initial&#8220; background_position=&#8220;top_left&#8220; background_repeat=&#8220;repeat&#8220; text_orientation=&#8220;center&#8220; module_alignment=&#8220;center&#8220; text_text_shadow_style=&#8220;preset1&#8243; header_text_shadow_style=&#8220;preset1&#8243; border_color=&#8220;#000000&#8243; custom_padding_last_edited=&#8220;off|desktop&#8220; animation_duration=&#8220;500ms&#8220;]<\/p>\n<p style=\"text-align: justify;\">Wir stehen Ihnen in der Regel an Werktagen w\u00e4hrend der B\u00fcrozeiten telefonisch zur Verf\u00fcgung. Wenn Sie jedoch nicht antworten, k\u00f6nnen Sie mit einem Anrufbeantworter eine Nachricht hinterlassen, auf die wir so schnell wie m\u00f6glich antworten. Im Notfall beantworten wir auch Wochenenden und Feiertage. Unsere Best\u00e4ndigkeit gilt sowohl f\u00fcr das Internet als auch f\u00fcr Ihre Telefonie.<\/p>\n<p style=\"text-align: left;\">Eine Nummer : <a href=\"callto:+41329313112\">+41 (0)32 931 31 12<\/a><\/p>\n<p>[\/et_pb_text][\/et_pb_column][et_pb_column type=&#8220;1_2&#8243;][et_pb_text admin_label=&#8220;Formulaires mail&#8220; _builder_version=&#8220;3.0.85&#8243; background_layout=&#8220;dark&#8220; text_text_shadow_style=&#8220;preset1&#8243; header_text_shadow_style=&#8220;preset1&#8243; border_color=&#8220;#000000&#8243; animation_duration=&#8220;500ms&#8220;]<\/p>\n<p style=\"text-align: left;\"><p class=\"wpcf7-contact-form-not-found\"><strong>Fehler:<\/strong> Kontaktformular wurde nicht gefunden.<\/p><\/p>\n<p>[\/et_pb_text][\/et_pb_column][\/et_pb_row][\/et_pb_section]<\/p>\n","protected":false},"excerpt":{"rendered":"<p>INTERNET UNTERKUNFT Unsere Partnerschaft mit Infomaniak erm\u00f6glicht es, zu den besten auf dem Markt zum besten Preis zu geh\u00f6ren. Domain-Namen sind auch diejenigen der billigsten. Eine Unterkunft ist sehr schnell nach einem kurzen Telefonkontakt ge\u00f6ffnet, um die Bed\u00fcrfnisse des Kunden bestm\u00f6glich zu erf\u00fcllen. TELEFONIE UND INTERNET Swisscom-Partner seit 2017, wir haben einen Bogen zum Bogen [&hellip;]<\/p>\n","protected":false},"author":2,"featured_media":0,"parent":0,"menu_order":0,"comment_status":"open","ping_status":"open","template":"","meta":{"_et_pb_use_builder":"on","_et_pb_old_content":"","_et_gb_content_width":"","footnotes":""},"class_list":["post-1971","page","type-page","status-publish","hentry"],"_links":{"self":[{"href":"https:\/\/webneuch.swiss\/de\/wp-json\/wp\/v2\/pages\/1971","targetHints":{"allow":["GET"]}}],"collection":[{"href":"https:\/\/webneuch.swiss\/de\/wp-json\/wp\/v2\/pages"}],"about":[{"href":"https:\/\/webneuch.swiss\/de\/wp-json\/wp\/v2\/types\/page"}],"author":[{"embeddable":true,"href":"https:\/\/webneuch.swiss\/de\/wp-json\/wp\/v2\/users\/2"}],"replies":[{"embeddable":true,"href":"https:\/\/webneuch.swiss\/de\/wp-json\/wp\/v2\/comments?post=1971"}],"version-history":[{"count":18,"href":"https:\/\/webneuch.swiss\/de\/wp-json\/wp\/v2\/pages\/1971\/revisions"}],"predecessor-version":[{"id":2136,"href":"https:\/\/webneuch.swiss\/de\/wp-json\/wp\/v2\/pages\/1971\/revisions\/2136"}],"wp:attachment":[{"href":"https:\/\/webneuch.swiss\/de\/wp-json\/wp\/v2\/media?parent=1971"}],"curies":[{"name":"wp","href":"https:\/\/api.w.org\/{rel}","templated":true}]}}